{"id":215,"date":"2025-09-05T06:54:01","date_gmt":"2025-09-05T06:54:01","guid":{"rendered":"https:\/\/ccjura.ch\/?page_id=215"},"modified":"2026-02-02T09:16:45","modified_gmt":"2026-02-02T09:16:45","slug":"liens","status":"publish","type":"page","link":"https:\/\/ccjura.ch\/?page_id=215","title":{"rendered":"Liens utiles"},"content":{"rendered":"<p>[et_pb_section fb_built=\u00a0\u00bb1&Prime; _builder_version=\u00a0\u00bb4.27.4&Prime; _module_preset=\u00a0\u00bbdefault\u00a0\u00bb global_colors_info=\u00a0\u00bb{}\u00a0\u00bb][et_pb_row _builder_version=\u00a0\u00bb4.27.4&Prime; _module_preset=\u00a0\u00bbdefault\u00a0\u00bb global_colors_info=\u00a0\u00bb{}\u00a0\u00bb][et_pb_column type=\u00a0\u00bb4_4&Prime; _builder_version=\u00a0\u00bb4.27.4&Prime; _module_preset=\u00a0\u00bbdefault\u00a0\u00bb global_colors_info=\u00a0\u00bb{}\u00a0\u00bb][et_pb_text _builder_version=\u00a0\u00bb4.27.4&Prime; _module_preset=\u00a0\u00bbdefault\u00a0\u00bb global_colors_info=\u00a0\u00bb{}\u00a0\u00bb]<\/p>\n<h3><span style=\"color: #339966;\"><strong>Liens utiles<\/strong><\/span><\/h3>\n<p>[\/et_pb_text][\/et_pb_column][\/et_pb_row][et_pb_row _builder_version=\u00a0\u00bb4.27.4&Prime; _module_preset=\u00a0\u00bbdefault\u00a0\u00bb column_structure=\u00a0\u00bb1_2,1_2&Prime;][et_pb_column _builder_version=\u00a0\u00bb4.27.4&Prime; _module_preset=\u00a0\u00bbdefault\u00a0\u00bb type=\u00a0\u00bb1_2&Prime;][et_pb_cta title=\u00a0\u00bbSIAC\u00a0\u00bb button_text=\u00a0\u00bbLien externe\u00a0\u00bb _builder_version=\u00a0\u00bb4.27.4&Prime; _module_preset=\u00a0\u00bbdefault\u00a0\u00bb hover_enabled=\u00a0\u00bb0&Prime; sticky_enabled=\u00a0\u00bb0&Prime; button_url=\u00a0\u00bbhttps:\/\/isab-siac.ch\/fr\/\u00a0\u00bb link_option_url=\u00a0\u00bbhttps:\/\/isab-siac.ch\/fr\/\u00a0\u00bb url_new_window=\u00a0\u00bbon\u00a0\u00bb link_option_url_new_window=\u00a0\u00bbon\u00a0\u00bb]<\/p>\n<p><span>SIAC\/ISAB est une plate-forme de base de donn\u00e9es pour l\u2019industrie de la construction. <\/span><\/p>\n<p>Cette plateforme permet aux entreprises d&rsquo;obtenir les <strong>attestations de conformit\u00e9 CCT<\/strong> n\u00e9cessaires pour les soumissions aux organismes adjudicateurs. Elle est \u00e9lectronique, standardis\u00e9e et contient les informations effectivement connues issues des contr\u00f4les r\u00e9alis\u00e9s. La plateforme renforce \u00e9galement la transparence en permettant \u00e0 chacun de consulter l&rsquo;assujetissement \u00e0 une CCT d&rsquo;une quelqconque entreprise.<\/p>\n<p>[\/et_pb_cta][\/et_pb_column][et_pb_column _builder_version=\u00a0\u00bb4.27.4&Prime; _module_preset=\u00a0\u00bbdefault\u00a0\u00bb type=\u00a0\u00bb1_2&Prime;][et_pb_cta title=\u00a0\u00bbAnnonce relevant du droit des \u00e9trangers\u00a0\u00bb button_text=\u00a0\u00bbLien externe\u00a0\u00bb _builder_version=\u00a0\u00bb4.27.4&Prime; _module_preset=\u00a0\u00bbdefault\u00a0\u00bb hover_enabled=\u00a0\u00bb0&Prime; sticky_enabled=\u00a0\u00bb0&Prime; button_url=\u00a0\u00bbhttps:\/\/www.easygov.swiss\/easygov\/#\/fr\/workingpermits\u00a0\u00bb link_option_url=\u00a0\u00bbhttps:\/\/www.easygov.swiss\/easygov\/#\/fr\/workingpermits\u00a0\u00bb url_new_window=\u00a0\u00bbon\u00a0\u00bb link_option_url_new_window=\u00a0\u00bbon\u00a0\u00bb]<\/p>\n<p><span>Selon leur pays d\u2019origine ou leur domicile, les ressortissants \u00e9trangers exer\u00e7ant une activit\u00e9 lucrative sont soumis \u00e0 diff\u00e9rentes r\u00e9glementations afin d\u2019exercer une activit\u00e9 en Suisse. Dans certains cas, une obligation d\u2019annonce ou d\u2019autorisation s\u2019applique aux employeurs qui embauchent ou pr\u00e9voient d\u2019embaucher des travailleurs \u00e9trangers en Suisse. Le portail Easygov permet d&rsquo;effectuer ce type d&rsquo;annonce.<\/span><\/p>\n<p>[\/et_pb_cta][\/et_pb_column][\/et_pb_row][et_pb_row _builder_version=\u00a0\u00bb4.27.4&Prime; _module_preset=\u00a0\u00bbdefault\u00a0\u00bb column_structure=\u00a0\u00bb1_2,1_2&Prime;][et_pb_column _builder_version=\u00a0\u00bb4.27.4&Prime; _module_preset=\u00a0\u00bbdefault\u00a0\u00bb type=\u00a0\u00bb1_2&Prime;][et_pb_cta title=\u00a0\u00bbSalaire horaire\u00a0\u00bb button_text=\u00a0\u00bbLien externe\u00a0\u00bb _builder_version=\u00a0\u00bb4.27.4&Prime; _module_preset=\u00a0\u00bbdefault\u00a0\u00bb hover_enabled=\u00a0\u00bb0&Prime; sticky_enabled=\u00a0\u00bb0&Prime; button_url=\u00a0\u00bbhttps:\/\/entsendung.admin.ch\/cms\/content\/lohn\/lohn_fr\u00a0\u00bb url_new_window=\u00a0\u00bbon\u00a0\u00bb link_option_url=\u00a0\u00bbhttps:\/\/entsendung.admin.ch\/cms\/content\/lohn\/lohn_fr\u00a0\u00bb link_option_url_new_window=\u00a0\u00bbon\u00a0\u00bb]<\/p>\n<p>En tant qu&#8217;employeur (suisse ou \u00e9tranger), il peut \u00eatre utile de calculer un salaire horaire conforme \u00e0 une convention collective de travail. \u00c0 cette fin, l&rsquo;administration f\u00e9d\u00e9rale met \u00e0 disposition un outil de calcul.<\/p>\n<p>Aucune garantie ne peut \u00eatre fournie quant au contenu, \u00e0 l&rsquo;exactitude, la pr\u00e9cision, la mise \u00e0 jour, la fiabilit\u00e9 et l&rsquo;int\u00e9gralit\u00e9 de ces informations.<\/p>\n<p>[\/et_pb_cta][\/et_pb_column][et_pb_column _builder_version=\u00a0\u00bb4.27.4&Prime; _module_preset=\u00a0\u00bbdefault\u00a0\u00bb type=\u00a0\u00bb1_2&Prime;][et_pb_cta title=\u00a0\u00bbMesures d&rsquo;accompagnement\u00a0\u00bb button_text=\u00a0\u00bbLien exrterne\u00a0\u00bb _builder_version=\u00a0\u00bb4.27.4&Prime; _module_preset=\u00a0\u00bbdefault\u00a0\u00bb button_url=\u00a0\u00bbhttps:\/\/www.jura.ch\/fr\/Autorites\/Administration\/DES\/Economie-et-Emploi-SEE\/Conditions-de-travail\/Conditions-de-travail\/Mesures-d-accompagnement-a-la-libre-circulation-des-personnes.html\u00a0\u00bb link_option_url=\u00a0\u00bbhttps:\/\/www.jura.ch\/fr\/Autorites\/Administration\/DES\/Economie-et-Emploi-SEE\/Conditions-de-travail\/Conditions-de-travail\/Mesures-d-accompagnement-a-la-libre-circulation-des-personnes.html\u00a0\u00bb url_new_window=\u00a0\u00bbon\u00a0\u00bb link_option_url_new_window=\u00a0\u00bbon\u00a0\u00bb hover_enabled=\u00a0\u00bb0&Prime; sticky_enabled=\u00a0\u00bb0&Prime;]<\/p>\n<p><span>Des mesures d&rsquo;accompagnement \u00e0 la libre circulation des personnes ont \u00e9t\u00e9 introduites en 2004 pour prot\u00e9ger les travailleurs contre le risque de sous-ench\u00e8re salariale et sociale et pour garantir aux prestataires de services indig\u00e8nes et \u00e9trangers des conditions de concurrence identiques. Des informations sont disponibles sur le site du service de l&rsquo;\u00e9conomie et de l&#8217;emploi (SEE) du canton du Jura.<\/span><\/p>\n<p>[\/et_pb_cta][\/et_pb_column][\/et_pb_row][\/et_pb_section]<\/p>\n","protected":false},"excerpt":{"rendered":"<p>Liens utilesSIAC\/ISAB est une plate-forme de base de donn\u00e9es pour l\u2019industrie de la construction. Cette plateforme permet aux entreprises d&rsquo;obtenir les attestations de conformit\u00e9 CCT n\u00e9cessaires pour les soumissions aux organismes adjudicateurs. Elle est \u00e9lectronique, standardis\u00e9e et contient les informations effectivement connues issues des contr\u00f4les r\u00e9alis\u00e9s. La plateforme renforce \u00e9galement la transparence en permettant \u00e0 [&hellip;]<\/p>\n","protected":false},"author":1,"featured_media":0,"parent":0,"menu_order":0,"comment_status":"closed","ping_status":"closed","template":"","meta":{"_et_pb_use_builder":"on","_et_pb_old_content":"","_et_gb_content_width":"","footnotes":""},"class_list":["post-215","page","type-page","status-publish","hentry"],"_links":{"self":[{"href":"https:\/\/ccjura.ch\/index.php?rest_route=\/wp\/v2\/pages\/215","targetHints":{"allow":["GET"]}}],"collection":[{"href":"https:\/\/ccjura.ch\/index.php?rest_route=\/wp\/v2\/pages"}],"about":[{"href":"https:\/\/ccjura.ch\/index.php?rest_route=\/wp\/v2\/types\/page"}],"author":[{"embeddable":true,"href":"https:\/\/ccjura.ch\/index.php?rest_route=\/wp\/v2\/users\/1"}],"replies":[{"embeddable":true,"href":"https:\/\/ccjura.ch\/index.php?rest_route=%2Fwp%2Fv2%2Fcomments&post=215"}],"version-history":[{"count":17,"href":"https:\/\/ccjura.ch\/index.php?rest_route=\/wp\/v2\/pages\/215\/revisions"}],"predecessor-version":[{"id":310,"href":"https:\/\/ccjura.ch\/index.php?rest_route=\/wp\/v2\/pages\/215\/revisions\/310"}],"wp:attachment":[{"href":"https:\/\/ccjura.ch\/index.php?rest_route=%2Fwp%2Fv2%2Fmedia&parent=215"}],"curies":[{"name":"wp","href":"https:\/\/api.w.org\/{rel}","templated":true}]}}